{"id":29,"date":"2020-01-28T14:30:42","date_gmt":"2020-01-28T14:30:42","guid":{"rendered":"http:\/\/erosdavid.com\/?page_id=29"},"modified":"2020-02-10T14:37:24","modified_gmt":"2020-02-10T13:37:24","slug":"home-de","status":"publish","type":"page","link":"https:\/\/erosdavid.com\/index.php\/de\/home-de\/","title":{"rendered":"Home DE"},"content":{"rendered":"","protected":false},"excerpt":{"rendered":"","protected":false},"author":1,"featured_media":0,"parent":0,"menu_order":0,"comment_status":"closed","ping_status":"closed","template":"page-templates\/template-home.php","meta":{"spay_email":""},"yoast_head":"<!-- This site is optimized with the Yoast SEO plugin v14.9 - https:\/\/yoast.com\/wordpress\/plugins\/seo\/ -->\n<title>Deutschprachiger Zeremonienmeister- D\u00e1vid Er\u0151s<\/title>\n<meta name=\"description\" content=\"Seid ihr auf der Suche nach einem deutschsprachigen Zeremonienmeister? D\u00e1vid Er\u0151s ZM f\u00fcr internationale Hochzeiten in Ungarn und im Ausland.\" \/>\n<meta name=\"robots\" content=\"index, follow, max-snippet:-1, max-image-preview:large, max-video-preview:-1\" \/>\n<link rel=\"canonical\" href=\"https:\/\/erosdavid.com\/index.php\/de\/home-de\/\" \/>\n<meta property=\"og:locale\" content=\"en_GB\" \/>\n<meta property=\"og:type\" content=\"article\" \/>\n<meta property=\"og:title\" content=\"Deutschprachiger Zeremonienmeister- D\u00e1vid Er\u0151s\" \/>\n<meta property=\"og:description\" content=\"Seid ihr auf der Suche nach einem deutschsprachigen Zeremonienmeister? D\u00e1vid Er\u0151s ZM f\u00fcr internationale Hochzeiten in Ungarn und im Ausland.\" \/>\n<meta property=\"og:url\" content=\"https:\/\/erosdavid.com\/index.php\/de\/home-de\/\" \/>\n<meta property=\"og:site_name\" content=\"Er\u0151s D\u00e1vid\" \/>\n<meta property=\"article:modified_time\" content=\"2020-02-10T13:37:24+00:00\" \/>\n<meta name=\"twitter:card\" content=\"summary_large_image\" \/>\n<script type=\"application\/ld+json\" class=\"yoast-schema-graph\">{\"@context\":\"https:\/\/schema.org\",\"@graph\":[{\"@type\":\"WebSite\",\"@id\":\"https:\/\/erosdavid.com\/#website\",\"url\":\"https:\/\/erosdavid.com\/\",\"name\":\"Er\\u0151s D\\u00e1vid\",\"description\":\"\",\"potentialAction\":[{\"@type\":\"SearchAction\",\"target\":\"https:\/\/erosdavid.com\/?s={search_term_string}\",\"query-input\":\"required name=search_term_string\"}],\"inLanguage\":\"en-GB\"},{\"@type\":\"WebPage\",\"@id\":\"https:\/\/erosdavid.com\/index.php\/de\/home-de\/#webpage\",\"url\":\"https:\/\/erosdavid.com\/index.php\/de\/home-de\/\",\"name\":\"Deutschprachiger Zeremonienmeister- D\\u00e1vid Er\\u0151s\",\"isPartOf\":{\"@id\":\"https:\/\/erosdavid.com\/#website\"},\"datePublished\":\"2020-01-28T14:30:42+00:00\",\"dateModified\":\"2020-02-10T13:37:24+00:00\",\"description\":\"Seid ihr auf der Suche nach einem deutschsprachigen Zeremonienmeister? D\\u00e1vid Er\\u0151s ZM f\\u00fcr internationale Hochzeiten in Ungarn und im Ausland.\",\"inLanguage\":\"en-GB\",\"potentialAction\":[{\"@type\":\"ReadAction\",\"target\":[\"https:\/\/erosdavid.com\/index.php\/de\/home-de\/\"]}]}]}<\/script>\n<!-- \/ Yoast SEO plugin. -->","_links":{"self":[{"href":"https:\/\/erosdavid.com\/index.php\/wp-json\/wp\/v2\/pages\/29"}],"collection":[{"href":"https:\/\/erosdavid.com\/index.php\/wp-json\/wp\/v2\/pages"}],"about":[{"href":"https:\/\/erosdavid.com\/index.php\/wp-json\/wp\/v2\/types\/page"}],"author":[{"embeddable":true,"href":"https:\/\/erosdavid.com\/index.php\/wp-json\/wp\/v2\/users\/1"}],"replies":[{"embeddable":true,"href":"https:\/\/erosdavid.com\/index.php\/wp-json\/wp\/v2\/comments?post=29"}],"version-history":[{"count":1,"href":"https:\/\/erosdavid.com\/index.php\/wp-json\/wp\/v2\/pages\/29\/revisions"}],"predecessor-version":[{"id":30,"href":"https:\/\/erosdavid.com\/index.php\/wp-json\/wp\/v2\/pages\/29\/revisions\/30"}],"wp:attachment":[{"href":"https:\/\/erosdavid.com\/index.php\/wp-json\/wp\/v2\/media?parent=29"}],"curies":[{"name":"wp","href":"https:\/\/api.w.org\/{rel}","templated":true}]}}