{"id":7,"date":"2020-01-28T13:35:13","date_gmt":"2020-01-28T13:35:13","guid":{"rendered":"http:\/\/erosdavid.com\/?page_id=7"},"modified":"2020-02-10T14:56:36","modified_gmt":"2020-02-10T13:56:36","slug":"home","status":"publish","type":"page","link":"https:\/\/erosdavid.com\/","title":{"rendered":"Home"},"content":{"rendered":"","protected":false},"excerpt":{"rendered":"","protected":false},"author":1,"featured_media":0,"parent":0,"menu_order":0,"comment_status":"closed","ping_status":"closed","template":"page-templates\/template-home.php","meta":{"spay_email":""},"yoast_head":"<!-- This site is optimized with the Yoast SEO plugin v14.9 - https:\/\/yoast.com\/wordpress\/plugins\/seo\/ -->\n<title>Er\u0151s D\u00e1vid - magyar-angol-n\u00e9met cerem\u00f3niamester<\/title>\n<meta name=\"description\" content=\"Nemzetk\u00f6zi esk\u00fcv\u0151t\u00f6kre magyar, angol \u00e9s n\u00e9met nyelv\u0171 vend\u00e9geket is v\u00e1rtok? T\u00f6bbnyelv\u0171 cerem\u00f3niamesterre van sz\u00fcks\u00e9getek.\" \/>\n<meta name=\"robots\" content=\"index, follow, max-snippet:-1, max-image-preview:large, max-video-preview:-1\" \/>\n<link rel=\"canonical\" href=\"https:\/\/erosdavid.com\/\" \/>\n<meta property=\"og:locale\" content=\"en_GB\" \/>\n<meta property=\"og:type\" content=\"article\" \/>\n<meta property=\"og:title\" content=\"Er\u0151s D\u00e1vid - magyar-angol-n\u00e9met cerem\u00f3niamester\" \/>\n<meta property=\"og:description\" content=\"Nemzetk\u00f6zi esk\u00fcv\u0151t\u00f6kre magyar, angol \u00e9s n\u00e9met nyelv\u0171 vend\u00e9geket is v\u00e1rtok? T\u00f6bbnyelv\u0171 cerem\u00f3niamesterre van sz\u00fcks\u00e9getek.\" \/>\n<meta property=\"og:url\" content=\"https:\/\/erosdavid.com\/\" \/>\n<meta property=\"og:site_name\" content=\"Er\u0151s D\u00e1vid\" \/>\n<meta property=\"article:modified_time\" content=\"2020-02-10T13:56:36+00:00\" \/>\n<meta name=\"twitter:card\" content=\"summary_large_image\" \/>\n<script type=\"application\/ld+json\" class=\"yoast-schema-graph\">{\"@context\":\"https:\/\/schema.org\",\"@graph\":[{\"@type\":\"WebSite\",\"@id\":\"https:\/\/erosdavid.com\/#website\",\"url\":\"https:\/\/erosdavid.com\/\",\"name\":\"Er\\u0151s D\\u00e1vid\",\"description\":\"\",\"potentialAction\":[{\"@type\":\"SearchAction\",\"target\":\"https:\/\/erosdavid.com\/?s={search_term_string}\",\"query-input\":\"required name=search_term_string\"}],\"inLanguage\":\"en-GB\"},{\"@type\":\"WebPage\",\"@id\":\"https:\/\/erosdavid.com\/#webpage\",\"url\":\"https:\/\/erosdavid.com\/\",\"name\":\"Er\\u0151s D\\u00e1vid - magyar-angol-n\\u00e9met cerem\\u00f3niamester\",\"isPartOf\":{\"@id\":\"https:\/\/erosdavid.com\/#website\"},\"datePublished\":\"2020-01-28T13:35:13+00:00\",\"dateModified\":\"2020-02-10T13:56:36+00:00\",\"description\":\"Nemzetk\\u00f6zi esk\\u00fcv\\u0151t\\u00f6kre magyar, angol \\u00e9s n\\u00e9met nyelv\\u0171 vend\\u00e9geket is v\\u00e1rtok? T\\u00f6bbnyelv\\u0171 cerem\\u00f3niamesterre van sz\\u00fcks\\u00e9getek.\",\"inLanguage\":\"en-GB\",\"potentialAction\":[{\"@type\":\"ReadAction\",\"target\":[\"https:\/\/erosdavid.com\/\"]}]}]}<\/script>\n<!-- \/ Yoast SEO plugin. -->","_links":{"self":[{"href":"https:\/\/erosdavid.com\/index.php\/wp-json\/wp\/v2\/pages\/7"}],"collection":[{"href":"https:\/\/erosdavid.com\/index.php\/wp-json\/wp\/v2\/pages"}],"about":[{"href":"https:\/\/erosdavid.com\/index.php\/wp-json\/wp\/v2\/types\/page"}],"author":[{"embeddable":true,"href":"https:\/\/erosdavid.com\/index.php\/wp-json\/wp\/v2\/users\/1"}],"replies":[{"embeddable":true,"href":"https:\/\/erosdavid.com\/index.php\/wp-json\/wp\/v2\/comments?post=7"}],"version-history":[{"count":6,"href":"https:\/\/erosdavid.com\/index.php\/wp-json\/wp\/v2\/pages\/7\/revisions"}],"predecessor-version":[{"id":100,"href":"https:\/\/erosdavid.com\/index.php\/wp-json\/wp\/v2\/pages\/7\/revisions\/100"}],"wp:attachment":[{"href":"https:\/\/erosdavid.com\/index.php\/wp-json\/wp\/v2\/media?parent=7"}],"curies":[{"name":"wp","href":"https:\/\/api.w.org\/{rel}","templated":true}]}}